{"id":277,"date":"2021-12-17T11:48:25","date_gmt":"2021-12-17T11:48:25","guid":{"rendered":"https:\/\/www.emigracionaguinea.museum\/politica-de-privacidade\/"},"modified":"2022-02-15T12:06:31","modified_gmt":"2022-02-15T12:06:31","slug":"politica-de-privacidad","status":"publish","type":"page","link":"https:\/\/www.emigracionaguinea.museum\/es\/politica-de-privacidad\/","title":{"rendered":"Pol\u00edtica de privacidad"},"content":{"rendered":"<p><span style=\"font-size: 14pt;\"><strong>AVISO LEGAL<\/strong><\/span><\/p>\n<p><strong>1. TITULARIDAD DEL SITIO WEB<\/strong><\/p>\n<p>En cumplimiento del art\u00edculo 10 de la Ley 34\/2002, del 11 de Junio, de Servicios de la Sociedad de la Informaci\u00f3n y Comercio Electr\u00f3nico, se le facilita la siguiente informaci\u00f3n general sobre este sitio web:<\/p>\n<p>Dominio: https:\/\/www.emigracionaguinea.museum\/<br \/>\nTitular: Ayuntamiento de Quintela de Leirado<br \/>\nDomicilio Social: Tornadoiro, s\/n, 32814 Quintela de Leirado (Ourense) Galicia.<br \/>\nTel\u00e9fono: 988 493 500<br \/>\nCorreo Electr\u00f3nico: contacto@quinteladeleirado.es<br \/>\nCIF: P3206700A<\/p>\n<p><strong>2. USO GENERAL DEL SITIO WEB<\/strong><\/p>\n<p>Las presentes condiciones generales de uso de los servicios ofrecidos en la url www.quinteladeleirado.es, son suscritas por el Ayuntamiento de Quintela de Leirado, de otra parte, por el usuario. Los usuarios pueden tener acceso y ver el contenido de este sitio web gratuitamente, conforme a estos termos y a cualquier termo espec\u00edfico descrito en cada contenido.<\/p>\n<p><strong>2.1 CONTENIDO Y USO<\/strong><\/p>\n<p>Los usuarios que accedan a la web del MUSEO DA EMIGRACI\u00d3N A GUINEA, lo har\u00e1n conforme a la Ley, la moral, las buenas costumbres y la orden p\u00fablica, y se obligan en todo momento a no acceder a la web y a los contenidos de forma contraria a la establecida y\/o con fines il\u00edcitos, lesivos de derechos y libertades de terceros, o que puedan da\u00f1ar, deteriorar, saturar o ralentizar la web, en perjuicio del Ayuntamiento de Quintela de Leirado o de terceros usuarios. Los usuarios no copiar\u00e1n, distribuir\u00e1n, difundir\u00e1n, transformar\u00e1n, modificar\u00e1n o manipular\u00e1n los contenidos.<\/p>\n<p>Los idiomas empleados por el Ayuntamiento de Quintela de Leirado ser\u00e1n el Gallego y el Castellano, sin perjuicio de utilizar otras lenguas, tanto nacionales como auton\u00f3micas, libremente y sin previo aviso. El Ayuntamiento de Quintela de Leirado no se responsabiliza de la no comprensi\u00f3n o entendimiento de los idiomas de la web por el usuario, ni de sus consecuencias. El Ayuntamiento de Quintela de Leirado podr\u00e1 modificar los contenidos sin previo aviso, as\u00ed como suprimir y cambiar estos dentro de la web, no responsabiliz\u00e1ndose de las consecuencias que puedan afectar a los usuarios.<\/p>\n<p><strong>2.2 PROPIEDAD INTELECTUAL Y INDUSTRIAL<\/strong><\/p>\n<p>El c\u00f3digo fuente, los dise\u00f1os gr\u00e1ficos, las im\u00e1genes, las fotograf\u00edas, las sones, las animaciones, el software, los textos, as\u00ed como la informaci\u00f3n y los contenidos que si recogen en https:\/\/www.emigracionaguinea.museum\/\u00a0est\u00e1n protegidos por la legislaci\u00f3n espa\u00f1ola sobre los derechos de propiedad intelectual e industrial a favor del Ayuntamiento de Quintela de Leirado y no se permite la reproducci\u00f3n y\/o publicaci\u00f3n, total o parcial, del sitio web, ni su tratamiento inform\u00e1tico, su distribuci\u00f3n, su difusi\u00f3n, ni su modificaci\u00f3n, transformaci\u00f3n o descompilaci\u00f3n, ni dem\u00e1s derechos reconocidos legalmente a su titular, sin el permiso previo y por escrito de este, Ayuntamiento de Quintela de Leirado.<\/p>\n<p>El Ayuntamiento de Quintela de Leirado velar\u00e1 por el hago falta de las anteriores condiciones como por el debido empleo de los contenidos presentados en sus p\u00e1ginas web, ejercitando todas las acciones civiles y penitenciarias que le correspondan en el caso de infracci\u00f3n o incumplimiento de estos derechos por parte del usuario.<\/p>\n<p><strong>2.3 FINALIDAD<\/strong><\/p>\n<p>La finalidad de este tratamiento del Ayuntamiento de Quintela de Leirado, es el mantenimiento y gesti\u00f3n de la relaci\u00f3n con el\/a usuario\/la, as\u00ed como el cometido de informaci\u00f3n.<\/p>\n<p><strong>2.4 ENLACES<\/strong><\/p>\n<p>La presencia de enlaces (links) en las p\u00e1ginas web del MUSEO DA EMIGRACI\u00d3N A GUINEA tiene finalidad solamente informativa y en ning\u00fan caso supone sugerencia, convite o recomendaci\u00f3n sobre ellos.<\/p>\n<p>&nbsp;<\/p>\n<p><span style=\"font-size: 14pt;\"><strong>POL\u00cdTICA DE PRIVACIDAD<\/strong><\/span><\/p>\n<p>Sin perjuicio de las condiciones, cl\u00e1usulas o advertencias espec\u00edficas que si establecen en aquellas \u00e1reas, lugares o formularios de contacto del sitio web a trav\u00e9s del cual el usuario puede realizar una solicitud de informaci\u00f3n o bien establecer comunicaci\u00f3n con el Ayuntamiento de Quintela de Leirado, se establecen a continuaci\u00f3n las condiciones que rigen el sitio web del MUSEO DA EMIGRACI\u00d3N A GUINEA con relaci\u00f3n a la privacidad y protecci\u00f3n de datos de car\u00e1cter personal.<\/p>\n<p><strong>1.1 CONFIDENCIALIDAD E PROTECCI\u00d3N DE DATOS<\/strong><\/p>\n<p>A efectos del previsto en la Ley org\u00e1nica 15\/1999, del 13 de diciembre, de protecci\u00f3n de datos de car\u00e1cter personal, el Ayuntamiento de Quintela de Leirado le informa al usuario de la existencia de un fichero automatizado de datos de car\u00e1cter personal creado por y para el Ayuntamiento de Quintela de Leirado y bajo su responsabilidad, con la finalidad de realizar el mantenimiento y gesti\u00f3n de la relaci\u00f3n con el usuario, as\u00ed como el cometido de informaci\u00f3n. En el momento de la aceptaci\u00f3n de estas condiciones generales, el Ayuntamiento de Quintela de Leirado precisar\u00e1 del usuario la recogida de unos datos imprescindibles para la prestaci\u00f3n de sus servicios.<\/p>\n<p><strong>1.2 REGISTRO DE FICHEROS E FORMULARIOS<\/strong><\/p>\n<p>Cubrir los formularios es obligatorio para acceder y disfrutar de determinados servicios ofrecidos en el web. No facilitar los datos personales solicitados o no aceptar la pol\u00edtica de protecci\u00f3n de datos supone la imposibilidad de suscribirse, registrarse o disfrutar de cualquiera de los servicios en los que se soliciten datos de car\u00e1cter personal.<\/p>\n<p>De acuerdo con lo establecido en la Ley org\u00e1nica 15\/1999, del 13 de diciembre, de protecci\u00f3n de datos de car\u00e1cter personal, lo informamos de que los datos personales que se obtengan podr\u00e1n ser incorporados en un fichero con titularidad del Ayuntamiento de Quintela de Leirado, a este respecto est\u00e1n implementar las medidas de seguridad establecidas en el Real decreto 1720\/2007, del 21 de diciembre.<\/p>\n<p><strong>1.3 CALIDAD DE LOS DATOS<\/strong><\/p>\n<p>El usuario es el \u00fanico responsable de la veracidad y correcci\u00f3n de los datos incluidos, por el que se exonera el Ayuntamiento de Quintela de Leirado de cualquier responsabilidad al respecto. Los usuarios garantizan y responden, en cualquier caso, de la exactitud, vigencia y autenticidad de los datos personales facilitados y se comprometen a mantelo debidamente actualizados. El usuario acepta proporcionar informaci\u00f3n completa y correcta en los formularios o correos electr\u00f3nicos que env\u00ede.<\/p>\n<p>El Ayuntamiento de Quintela de Leirado no responde de la veracidad de las informaciones que no sean de elaboraci\u00f3n propia y de las que indique otra fuente, por lo que tampoco asume ninguna responsabilidad en cuanto a hipot\u00e9ticos perjuicios que pudieran originarse por el uso de esta informaci\u00f3n. El Ayuntamiento de Quintela de Leirado se reserva el derecho a actualizar, modificar o eliminar la informaci\u00f3n contenida en sus p\u00e1ginas web, y puede mismo limitar o no permitir el acceso a dicha informaci\u00f3n. Se exonera al Ayuntamiento de Quintela de Leirado de responsabilidad ante cualquier da\u00f1o o perjuicio que pudiera sufrir el usuario como consecuencia de errores, defectos u omisiones, en la informaci\u00f3n facilitada siempre que proceda de fuentes ajenas al Ayuntamiento de Quintela de Leirado.<\/p>\n<p><strong>1.4 ACEPTACI\u00d3N E CONSENTIMENTO<\/strong><\/p>\n<p>El usuario declara que fue informado de las condiciones sobre protecci\u00f3n de datos personales, aceptando y consintiendo el tratamiento automatizado de estos por parte del Ayuntamiento de Quintela de Leirado, en la forma y para las finalidades indicadas en la presente pol\u00edtica de protecci\u00f3n de datos personales. Cierto servicios prestados en el sitio web pueden contener condiciones particulares con previsiones espec\u00edficas en materia de protecci\u00f3n de datos personales.<\/p>\n<p><strong>1.5 MEDIDAS DE SEGURIDADE<\/strong><\/p>\n<p>El Ayuntamiento de Quintela de Leirado informa al usuario que, de conformidad con el dispuesto en la LOPD y el Reglamento de Medidas de Seguridad, adopt\u00f3 las medidas t\u00e9cnicas y organizativas necesarias para garantizar la seguridad de los datos de car\u00e1cter personal y evitar la alteraci\u00f3n, p\u00e9rdida, tratamiento o acceso no autorizado, habida cuenta el estado de la tecnolog\u00eda, la naturaleza de los datos almacenados y los riesgos a los que est\u00e1n expuestos. Igualmente el Ayuntamiento de Quintela de Leirado garantiza al usuario lo hago falta del deber del secreto profesional respecto de los datos personales de los usuarios y deber de guardarlos.<\/p>\n","protected":false},"excerpt":{"rendered":"<p>AVISO LEGAL 1. TITULARIDAD DEL SITIO WEB En cumplimiento del art\u00edculo 10 de la Ley 34\/2002, del 11 de Junio, de Servicios de la Sociedad de la Informaci\u00f3n y Comercio [&hellip;]<\/p>\n<p><a href=\"https:\/\/www.emigracionaguinea.museum\/es\/politica-de-privacidad\/\" class=\"more-link style1-button\">Read More<\/a><\/p>","protected":false},"author":1,"featured_media":0,"parent":0,"menu_order":0,"comment_status":"closed","ping_status":"open","template":"","meta":{"footnotes":""},"class_list":["post-277","page","type-page","status-publish","hentry"],"yoast_head":"<!-- This site is optimized with the Yoast SEO plugin v24.4 - https:\/\/yoast.com\/wordpress\/plugins\/seo\/ -->\n<title>Pol\u00edtica de privacidad - Museo da Emigraci\u00f3n a Guinea Ecuatorial<\/title>\n<meta name=\"description\" content=\"Pol\u00edtica de privacidade\" \/>\n<meta name=\"robots\" content=\"index, nofollow, max-video-preview:-1, noimageindex, noarchive, nosnippet\" \/>\n<link rel=\"canonical\" href=\"https:\/\/www.emigracionaguinea.museum\/es\/politica-de-privacidad\/\" \/>\n<meta property=\"og:locale\" content=\"es_ES\" \/>\n<meta property=\"og:type\" content=\"article\" \/>\n<meta property=\"og:title\" content=\"Pol\u00edtica de privacidad - Museo da Emigraci\u00f3n a Guinea Ecuatorial\" \/>\n<meta property=\"og:description\" content=\"Pol\u00edtica de privacidade\" \/>\n<meta property=\"og:url\" content=\"https:\/\/www.emigracionaguinea.museum\/es\/politica-de-privacidad\/\" \/>\n<meta property=\"og:site_name\" content=\"Museo da Emigraci\u00f3n a Guinea Ecuatorial\" \/>\n<meta property=\"article:publisher\" content=\"https:\/\/www.facebook.com\/emigracionaguinea\" \/>\n<meta property=\"article:modified_time\" content=\"2022-02-15T12:06:31+00:00\" \/>\n<meta name=\"twitter:card\" content=\"summary_large_image\" \/>\n<meta name=\"twitter:label1\" content=\"Tiempo de lectura\" \/>\n\t<meta name=\"twitter:data1\" content=\"7 minutos\" \/>\n<script type=\"application\/ld+json\" class=\"yoast-schema-graph\">{\"@context\":\"https:\/\/schema.org\",\"@graph\":[{\"@type\":\"WebPage\",\"@id\":\"https:\/\/www.emigracionaguinea.museum\/es\/politica-de-privacidad\/\",\"url\":\"https:\/\/www.emigracionaguinea.museum\/es\/politica-de-privacidad\/\",\"name\":\"Pol\u00edtica de privacidad - Museo da Emigraci\u00f3n a Guinea Ecuatorial\",\"isPartOf\":{\"@id\":\"https:\/\/www.emigracionaguinea.museum\/#website\"},\"datePublished\":\"2021-12-17T11:48:25+00:00\",\"dateModified\":\"2022-02-15T12:06:31+00:00\",\"description\":\"Pol\u00edtica de privacidade\",\"breadcrumb\":{\"@id\":\"https:\/\/www.emigracionaguinea.museum\/es\/politica-de-privacidad\/#breadcrumb\"},\"inLanguage\":\"es\",\"potentialAction\":[{\"@type\":\"ReadAction\",\"target\":[\"https:\/\/www.emigracionaguinea.museum\/es\/politica-de-privacidad\/\"]}]},{\"@type\":\"BreadcrumbList\",\"@id\":\"https:\/\/www.emigracionaguinea.museum\/es\/politica-de-privacidad\/#breadcrumb\",\"itemListElement\":[{\"@type\":\"ListItem\",\"position\":1,\"name\":\"Portada\",\"item\":\"https:\/\/www.emigracionaguinea.museum\/es\/\"},{\"@type\":\"ListItem\",\"position\":2,\"name\":\"Pol\u00edtica de privacidad\"}]},{\"@type\":\"WebSite\",\"@id\":\"https:\/\/www.emigracionaguinea.museum\/#website\",\"url\":\"https:\/\/www.emigracionaguinea.museum\/\",\"name\":\"Museo da Emigraci\u00f3n a Guinea Ecuatorial\",\"description\":\"Museo da Emigraci\u00f3n a Guinea Ecuatorial\",\"publisher\":{\"@id\":\"https:\/\/www.emigracionaguinea.museum\/#organization\"},\"potentialAction\":[{\"@type\":\"SearchAction\",\"target\":{\"@type\":\"EntryPoint\",\"urlTemplate\":\"https:\/\/www.emigracionaguinea.museum\/?s={search_term_string}\"},\"query-input\":{\"@type\":\"PropertyValueSpecification\",\"valueRequired\":true,\"valueName\":\"search_term_string\"}}],\"inLanguage\":\"es\"},{\"@type\":\"Organization\",\"@id\":\"https:\/\/www.emigracionaguinea.museum\/#organization\",\"name\":\"Museo da Emigraci\u00f3n a Guinea Ecuatorial\",\"url\":\"https:\/\/www.emigracionaguinea.museum\/\",\"logo\":{\"@type\":\"ImageObject\",\"inLanguage\":\"es\",\"@id\":\"https:\/\/www.emigracionaguinea.museum\/#\/schema\/logo\/image\/\",\"url\":\"https:\/\/www.emigracionaguinea.museum\/wp-content\/uploads\/2021\/12\/logo-museo-emigracion-guinea-ecuatorial.png\",\"contentUrl\":\"https:\/\/www.emigracionaguinea.museum\/wp-content\/uploads\/2021\/12\/logo-museo-emigracion-guinea-ecuatorial.png\",\"width\":1169,\"height\":826,\"caption\":\"Museo da Emigraci\u00f3n a Guinea Ecuatorial\"},\"image\":{\"@id\":\"https:\/\/www.emigracionaguinea.museum\/#\/schema\/logo\/image\/\"},\"sameAs\":[\"https:\/\/www.facebook.com\/emigracionaguinea\",\"https:\/\/www.instagram.com\/emigracionaguinea\"]}]}<\/script>\n<!-- \/ Yoast SEO plugin. -->","yoast_head_json":{"title":"Pol\u00edtica de privacidad - Museo da Emigraci\u00f3n a Guinea Ecuatorial","description":"Pol\u00edtica de privacidade","robots":{"index":"index","follow":"nofollow","max-video-preview":"max-video-preview:-1","imageindex":"noimageindex","archive":"noarchive","snippet":"nosnippet"},"canonical":"https:\/\/www.emigracionaguinea.museum\/es\/politica-de-privacidad\/","og_locale":"es_ES","og_type":"article","og_title":"Pol\u00edtica de privacidad - Museo da Emigraci\u00f3n a Guinea Ecuatorial","og_description":"Pol\u00edtica de privacidade","og_url":"https:\/\/www.emigracionaguinea.museum\/es\/politica-de-privacidad\/","og_site_name":"Museo da Emigraci\u00f3n a Guinea Ecuatorial","article_publisher":"https:\/\/www.facebook.com\/emigracionaguinea","article_modified_time":"2022-02-15T12:06:31+00:00","twitter_card":"summary_large_image","twitter_misc":{"Tiempo de lectura":"7 minutos"},"schema":{"@context":"https:\/\/schema.org","@graph":[{"@type":"WebPage","@id":"https:\/\/www.emigracionaguinea.museum\/es\/politica-de-privacidad\/","url":"https:\/\/www.emigracionaguinea.museum\/es\/politica-de-privacidad\/","name":"Pol\u00edtica de privacidad - Museo da Emigraci\u00f3n a Guinea Ecuatorial","isPartOf":{"@id":"https:\/\/www.emigracionaguinea.museum\/#website"},"datePublished":"2021-12-17T11:48:25+00:00","dateModified":"2022-02-15T12:06:31+00:00","description":"Pol\u00edtica de privacidade","breadcrumb":{"@id":"https:\/\/www.emigracionaguinea.museum\/es\/politica-de-privacidad\/#breadcrumb"},"inLanguage":"es","potentialAction":[{"@type":"ReadAction","target":["https:\/\/www.emigracionaguinea.museum\/es\/politica-de-privacidad\/"]}]},{"@type":"BreadcrumbList","@id":"https:\/\/www.emigracionaguinea.museum\/es\/politica-de-privacidad\/#breadcrumb","itemListElement":[{"@type":"ListItem","position":1,"name":"Portada","item":"https:\/\/www.emigracionaguinea.museum\/es\/"},{"@type":"ListItem","position":2,"name":"Pol\u00edtica de privacidad"}]},{"@type":"WebSite","@id":"https:\/\/www.emigracionaguinea.museum\/#website","url":"https:\/\/www.emigracionaguinea.museum\/","name":"Museo da Emigraci\u00f3n a Guinea Ecuatorial","description":"Museo da Emigraci\u00f3n a Guinea Ecuatorial","publisher":{"@id":"https:\/\/www.emigracionaguinea.museum\/#organization"},"potentialAction":[{"@type":"SearchAction","target":{"@type":"EntryPoint","urlTemplate":"https:\/\/www.emigracionaguinea.museum\/?s={search_term_string}"},"query-input":{"@type":"PropertyValueSpecification","valueRequired":true,"valueName":"search_term_string"}}],"inLanguage":"es"},{"@type":"Organization","@id":"https:\/\/www.emigracionaguinea.museum\/#organization","name":"Museo da Emigraci\u00f3n a Guinea Ecuatorial","url":"https:\/\/www.emigracionaguinea.museum\/","logo":{"@type":"ImageObject","inLanguage":"es","@id":"https:\/\/www.emigracionaguinea.museum\/#\/schema\/logo\/image\/","url":"https:\/\/www.emigracionaguinea.museum\/wp-content\/uploads\/2021\/12\/logo-museo-emigracion-guinea-ecuatorial.png","contentUrl":"https:\/\/www.emigracionaguinea.museum\/wp-content\/uploads\/2021\/12\/logo-museo-emigracion-guinea-ecuatorial.png","width":1169,"height":826,"caption":"Museo da Emigraci\u00f3n a Guinea Ecuatorial"},"image":{"@id":"https:\/\/www.emigracionaguinea.museum\/#\/schema\/logo\/image\/"},"sameAs":["https:\/\/www.facebook.com\/emigracionaguinea","https:\/\/www.instagram.com\/emigracionaguinea"]}]}},"_links":{"self":[{"href":"https:\/\/www.emigracionaguinea.museum\/es\/wp-json\/wp\/v2\/pages\/277","targetHints":{"allow":["GET"]}}],"collection":[{"href":"https:\/\/www.emigracionaguinea.museum\/es\/wp-json\/wp\/v2\/pages"}],"about":[{"href":"https:\/\/www.emigracionaguinea.museum\/es\/wp-json\/wp\/v2\/types\/page"}],"author":[{"embeddable":true,"href":"https:\/\/www.emigracionaguinea.museum\/es\/wp-json\/wp\/v2\/users\/1"}],"replies":[{"embeddable":true,"href":"https:\/\/www.emigracionaguinea.museum\/es\/wp-json\/wp\/v2\/comments?post=277"}],"version-history":[{"count":0,"href":"https:\/\/www.emigracionaguinea.museum\/es\/wp-json\/wp\/v2\/pages\/277\/revisions"}],"wp:attachment":[{"href":"https:\/\/www.emigracionaguinea.museum\/es\/wp-json\/wp\/v2\/media?parent=277"}],"curies":[{"name":"wp","href":"https:\/\/api.w.org\/{rel}","templated":true}]}}